{"id":643,"date":"2018-04-10T14:46:25","date_gmt":"2018-04-10T12:46:25","guid":{"rendered":"http:\/\/corretto.elated-themes.com\/?page_id=643"},"modified":"2026-02-02T00:01:29","modified_gmt":"2026-02-01T23:01:29","slug":"robusta","status":"publish","type":"page","link":"https:\/\/sleepybearcoffee.ch\/","title":{"rendered":"Arabica"},"content":{"rendered":"<p>[vc_row video_bg=&#8221;yes&#8221; video_bg_url=&#8221;&#8221; row_content_width=&#8221;grid&#8221; css=&#8221;.vc_custom_1769986885148{margin-top: 0px !important;border-top-width: 0px !important;padding-top: 0px !important;padding-bottom: 0px !important;}&#8221;][vc_column css=&#8221;.vc_custom_1585391204423{padding-bottom: 78px !important;}&#8221;]<div class=\"eltdf-section-title-holder  \" style=\"text-align: center\">\n\t<div class=\"eltdf-st-inner\">\n\t\t\t\t\t<h2 class=\"eltdf-st-title\" >\n\t\t\t\tD\u00c9COUVREZ NOTRE MENU\t\t\t<\/h2>\n\t\t\t\t\t<\/div>\n<\/div><div class=\"eltdf-section-title-holder  \" style=\"text-align: center\">\n\t<div class=\"eltdf-st-inner\">\n\t\t\t\t\t<\/div>\n<\/div><div class=\"eltdf-elements-holder   eltdf-two-columns  eltdf-responsive-mode-1024 \" ><div class=\"eltdf-eh-item     \"  data-item-class=\"eltdf-eh-custom-7765\" data-1366-1600=\"0 34px 30px 15px\" data-1024-1366=\"0 20px 30px 20px\" data-768-1024=\"0 60px 0 60px\" data-680-768=\"0 40px 0 40px\" data-680=\"0 0\">\n\t<div class=\"eltdf-eh-item-inner\">\n\t\t<div class=\"eltdf-eh-item-content eltdf-eh-custom-7765\" style=\"padding: 0 39px 30px 0\">\n\t\t\t<div class=\"eltdf-restaurant-menu-list eltdf-rml-with-featured-image\"><ul class=\"eltdf-rml-holder\"><li class=\"eltdf-rml-item clearfix\">\n\t\t\t\t<div class=\"eltdf-rml-item-image\">\n\t\t\t\t\t\t\t<\/div>\n\t\t<div class=\"eltdf-rml-item-content\">\n\t\t<div class=\"eltdf-rml-top-holder\">\n\t\t\t<div class=\"eltdf-rml-title-holder\">\n\t\t\t\t<h5 class=\"eltdf-rml-title\">\n\t\t\t\t\tAmericano\t\t\t\t<\/h5>\n\t\t\t<\/div>\n\t\t\t<div class=\"eltdf-rml-line\"><\/div>\n\n\t\t\t\t\t\t\t<div class=\"eltdf-rml-price-holder\">\n\t\t\t\t\t<h5 class=\"eltdf-rml-price\">CHF 4.50<\/h5>\n\t\t\t\t<\/div>\n\n\t\t\t\t\t<\/div>\n\t\t<div class=\"eltdf-rml-bottom-holder\">\n\t\t\t\t\t\t<div class=\"eltdf-rml-description-holder\">\n\t\t\t\tL&#039;americano est un double shot d&#039;espresso dilu\u00e9 avec de l&#039;eau chaude\t\t\t<\/div>\n\t\t\t\t\t<\/div>\n\t<\/div>\n\n<\/li><li class=\"eltdf-rml-item clearfix\">\n\t\t\t\t<div class=\"eltdf-rml-item-image\">\n\t\t\t\t\t\t\t<\/div>\n\t\t<div class=\"eltdf-rml-item-content\">\n\t\t<div class=\"eltdf-rml-top-holder\">\n\t\t\t<div class=\"eltdf-rml-title-holder\">\n\t\t\t\t<h5 class=\"eltdf-rml-title\">\n\t\t\t\t\tCaf\u00e9 Latte\t\t\t\t<\/h5>\n\t\t\t<\/div>\n\t\t\t<div class=\"eltdf-rml-line\"><\/div>\n\n\t\t\t\t\t\t\t<div class=\"eltdf-rml-price-holder\">\n\t\t\t\t\t<h5 class=\"eltdf-rml-price\">CHF 5.90<\/h5>\n\t\t\t\t<\/div>\n\n\t\t\t\t\t<\/div>\n\t\t<div class=\"eltdf-rml-bottom-holder\">\n\t\t\t\t\t\t<div class=\"eltdf-rml-description-holder\">\n\t\t\t\tLe latte est un double espresso surmont\u00e9 d&#039;une micromousse de lait : le ratio est de 25% espresso, 75% lait\t\t\t<\/div>\n\t\t\t\t\t<\/div>\n\t<\/div>\n\n<\/li><li class=\"eltdf-rml-item clearfix\">\n\t\t\t\t<div class=\"eltdf-rml-item-image\">\n\t\t\t\t\t\t\t<\/div>\n\t\t<div class=\"eltdf-rml-item-content\">\n\t\t<div class=\"eltdf-rml-top-holder\">\n\t\t\t<div class=\"eltdf-rml-title-holder\">\n\t\t\t\t<h5 class=\"eltdf-rml-title\">\n\t\t\t\t\tCappuccino\t\t\t\t<\/h5>\n\t\t\t<\/div>\n\t\t\t<div class=\"eltdf-rml-line\"><\/div>\n\n\t\t\t\t\t\t\t<div class=\"eltdf-rml-price-holder\">\n\t\t\t\t\t<h5 class=\"eltdf-rml-price\">CHF 5.50<\/h5>\n\t\t\t\t<\/div>\n\n\t\t\t\t\t<\/div>\n\t\t<div class=\"eltdf-rml-bottom-holder\">\n\t\t\t\t\t\t<div class=\"eltdf-rml-description-holder\">\n\t\t\t\tFresh Brewed coffee and steamed milk\t\t\t<\/div>\n\t\t\t\t\t<\/div>\n\t<\/div>\n\n<\/li><li class=\"eltdf-rml-item clearfix\">\n\t\t\t\t<div class=\"eltdf-rml-item-image\">\n\t\t\t\t\t\t\t<\/div>\n\t\t<div class=\"eltdf-rml-item-content\">\n\t\t<div class=\"eltdf-rml-top-holder\">\n\t\t\t<div class=\"eltdf-rml-title-holder\">\n\t\t\t\t<h5 class=\"eltdf-rml-title\">\n\t\t\t\t\tCortado\t\t\t\t<\/h5>\n\t\t\t<\/div>\n\t\t\t<div class=\"eltdf-rml-line\"><\/div>\n\n\t\t\t\t\t\t\t<div class=\"eltdf-rml-price-holder\">\n\t\t\t\t\t<h5 class=\"eltdf-rml-price\">CHF 4.90<\/h5>\n\t\t\t\t<\/div>\n\n\t\t\t\t\t<\/div>\n\t\t<div class=\"eltdf-rml-bottom-holder\">\n\t\t\t\t\t\t<div class=\"eltdf-rml-description-holder\">\n\t\t\t\tLe cappuccino est un double espresso surmont\u00e9 d&#039;une micromousse de lait : le ratio est de 33% espresso, 66% lait\t\t\t<\/div>\n\t\t\t\t\t<\/div>\n\t<\/div>\n\n<\/li><li class=\"eltdf-rml-item clearfix\">\n\t\t\t\t<div class=\"eltdf-rml-item-image\">\n\t\t\t\t\t\t\t<\/div>\n\t\t<div class=\"eltdf-rml-item-content\">\n\t\t<div class=\"eltdf-rml-top-holder\">\n\t\t\t<div class=\"eltdf-rml-title-holder\">\n\t\t\t\t<h5 class=\"eltdf-rml-title\">\n\t\t\t\t\tEspresso\t\t\t\t<\/h5>\n\t\t\t<\/div>\n\t\t\t<div class=\"eltdf-rml-line\"><\/div>\n\n\t\t\t\t\t\t\t<div class=\"eltdf-rml-price-holder\">\n\t\t\t\t\t<h5 class=\"eltdf-rml-price\">CHF 3.90<\/h5>\n\t\t\t\t<\/div>\n\n\t\t\t\t\t<\/div>\n\t\t<div class=\"eltdf-rml-bottom-holder\">\n\t\t\t\t\t\t<div class=\"eltdf-rml-description-holder\">\n\t\t\t\tL&#039;espresso est un caf\u00e9 court de couleur brun fonc\u00e9 surmont\u00e9 d&#039;une mousse dor\u00e9e appel\u00e9e crema\t\t\t<\/div>\n\t\t\t\t\t<\/div>\n\t<\/div>\n\n<\/li><\/ul><\/div>\t\t<\/div>\n\t<\/div>\n<\/div><div class=\"eltdf-eh-item     \"  data-item-class=\"eltdf-eh-custom-7634\" data-1366-1600=\"0 34px 30px 15px\" data-1024-1366=\"0 20px 30px 20px\" data-768-1024=\"0 60px 0 60px\" data-680-768=\"0 40px 0 40px\" data-680=\"0 0\">\n\t<div class=\"eltdf-eh-item-inner\">\n\t\t<div class=\"eltdf-eh-item-content eltdf-eh-custom-7634\" style=\"padding: 0 39px 30px 0\">\n\t\t\t<div class=\"eltdf-restaurant-menu-list eltdf-rml-with-featured-image\"><ul class=\"eltdf-rml-holder\"><li class=\"eltdf-rml-item clearfix\">\n\t\t\t\t<div class=\"eltdf-rml-item-image\">\n\t\t\t\t\t\t\t<\/div>\n\t\t<div class=\"eltdf-rml-item-content\">\n\t\t<div class=\"eltdf-rml-top-holder\">\n\t\t\t<div class=\"eltdf-rml-title-holder\">\n\t\t\t\t<h5 class=\"eltdf-rml-title\">\n\t\t\t\t\tNitro Coffee\t\t\t\t<\/h5>\n\t\t\t<\/div>\n\t\t\t<div class=\"eltdf-rml-line\"><\/div>\n\n\t\t\t\t\t\t\t<div class=\"eltdf-rml-price-holder\">\n\t\t\t\t\t<h5 class=\"eltdf-rml-price\">CHF 6.50<\/h5>\n\t\t\t\t<\/div>\n\n\t\t\t\t\t<\/div>\n\t\t<div class=\"eltdf-rml-bottom-holder\">\n\t\t\t\t\t\t<div class=\"eltdf-rml-description-holder\">\n\t\t\t\tLe nitro coffee est une base de cold brew infus\u00e9e en f\u00fbt avec de l&#039;azote. Cela donne \u00e0 la boisson une texture \u00e9mulsionn\u00e9e et cr\u00e9meuse\t\t\t<\/div>\n\t\t\t\t\t<\/div>\n\t<\/div>\n\n<\/li><li class=\"eltdf-rml-item clearfix\">\n\t\t\t\t<div class=\"eltdf-rml-item-image\">\n\t\t\t\t\t\t\t<\/div>\n\t\t<div class=\"eltdf-rml-item-content\">\n\t\t<div class=\"eltdf-rml-top-holder\">\n\t\t\t<div class=\"eltdf-rml-title-holder\">\n\t\t\t\t<h5 class=\"eltdf-rml-title\">\n\t\t\t\t\tCold Brew\t\t\t\t<\/h5>\n\t\t\t<\/div>\n\t\t\t<div class=\"eltdf-rml-line\"><\/div>\n\n\t\t\t\t\t\t\t<div class=\"eltdf-rml-price-holder\">\n\t\t\t\t\t<h5 class=\"eltdf-rml-price\">CHF 5.90<\/h5>\n\t\t\t\t<\/div>\n\n\t\t\t\t\t<\/div>\n\t\t<div class=\"eltdf-rml-bottom-holder\">\n\t\t\t\t\t\t<div class=\"eltdf-rml-description-holder\">\n\t\t\t\tLe cold brew est du caf\u00e9 qui a infus\u00e9 dans de l&#039;eau \u00e0 temp\u00e9rature ambiante pendant 14 \u00e0 18 heures\t\t\t<\/div>\n\t\t\t\t\t<\/div>\n\t<\/div>\n\n<\/li><li class=\"eltdf-rml-item clearfix\">\n\t\t\t\t<div class=\"eltdf-rml-item-image\">\n\t\t\t\t\t\t\t<\/div>\n\t\t<div class=\"eltdf-rml-item-content\">\n\t\t<div class=\"eltdf-rml-top-holder\">\n\t\t\t<div class=\"eltdf-rml-title-holder\">\n\t\t\t\t<h5 class=\"eltdf-rml-title\">\n\t\t\t\t\tV60\t\t\t\t<\/h5>\n\t\t\t<\/div>\n\t\t\t<div class=\"eltdf-rml-line\"><\/div>\n\n\t\t\t\t\t\t\t<div class=\"eltdf-rml-price-holder\">\n\t\t\t\t\t<h5 class=\"eltdf-rml-price\">CHF 5.90<\/h5>\n\t\t\t\t<\/div>\n\n\t\t\t\t\t<\/div>\n\t\t<div class=\"eltdf-rml-bottom-holder\">\n\t\t\t\t\t\t<div class=\"eltdf-rml-description-holder\">\n\t\t\t\tDu caf\u00e9 est plac\u00e9 dans un filtre en papier et de l&#039;eau chaude est vers\u00e9e sur la mouture. Le r\u00e9sultat est un caf\u00e9 avec un minimum d&#039;amertumes et tr\u00e8s floral\t\t\t<\/div>\n\t\t\t\t\t<\/div>\n\t<\/div>\n\n<\/li><li class=\"eltdf-rml-item clearfix\">\n\t\t\t\t<div class=\"eltdf-rml-item-image\">\n\t\t\t\t\t\t\t<\/div>\n\t\t<div class=\"eltdf-rml-item-content\">\n\t\t<div class=\"eltdf-rml-top-holder\">\n\t\t\t<div class=\"eltdf-rml-title-holder\">\n\t\t\t\t<h5 class=\"eltdf-rml-title\">\n\t\t\t\t\tAEROPRESS\t\t\t\t<\/h5>\n\t\t\t<\/div>\n\t\t\t<div class=\"eltdf-rml-line\"><\/div>\n\n\t\t\t\t\t\t\t<div class=\"eltdf-rml-price-holder\">\n\t\t\t\t\t<h5 class=\"eltdf-rml-price\">CHF 5.90<\/h5>\n\t\t\t\t<\/div>\n\n\t\t\t\t\t<\/div>\n\t\t<div class=\"eltdf-rml-bottom-holder\">\n\t\t\t\t\t<\/div>\n\t<\/div>\n\n<\/li><\/ul><\/div>\t\t<\/div>\n\t<\/div>\n<\/div><div class=\"eltdf-eh-item     \"  data-item-class=\"eltdf-eh-custom-3105\" data-1366-1600=\"0 34px 30px 15px\" data-1024-1366=\"0 20px 30px 20px\" data-768-1024=\"0 60px 0 60px\" data-680-768=\"0 40px 0 40px\" data-680=\"0 0\">\n\t<div class=\"eltdf-eh-item-inner\">\n\t\t<div class=\"eltdf-eh-item-content eltdf-eh-custom-3105\" style=\"padding: 0 39px 30px 0\">\n\t\t\t<div class=\"eltdf-restaurant-menu-list eltdf-rml-with-featured-image\"><ul class=\"eltdf-rml-holder\"><li class=\"eltdf-rml-item clearfix\">\n\t\t\t\t<div class=\"eltdf-rml-item-image\">\n\t\t\t\t\t\t\t<\/div>\n\t\t<div class=\"eltdf-rml-item-content\">\n\t\t<div class=\"eltdf-rml-top-holder\">\n\t\t\t<div class=\"eltdf-rml-title-holder\">\n\t\t\t\t<h5 class=\"eltdf-rml-title\">\n\t\t\t\t\tChai Latte\t\t\t\t<\/h5>\n\t\t\t<\/div>\n\t\t\t<div class=\"eltdf-rml-line\"><\/div>\n\n\t\t\t\t\t\t\t<div class=\"eltdf-rml-price-holder\">\n\t\t\t\t\t<h5 class=\"eltdf-rml-price\">CHF 6<\/h5>\n\t\t\t\t<\/div>\n\n\t\t\t\t\t<\/div>\n\t\t<div class=\"eltdf-rml-bottom-holder\">\n\t\t\t\t\t\t<div class=\"eltdf-rml-description-holder\">\n\t\t\t\tLe chai latte est du th\u00e9 noir assembl\u00e9 avec un m\u00e9lange d&#039;\u00e9pices indiennes surmont\u00e9 d&#039;une micromousse de lait\t\t\t<\/div>\n\t\t\t\t\t<\/div>\n\t<\/div>\n\n<\/li><li class=\"eltdf-rml-item clearfix\">\n\t\t\t\t<div class=\"eltdf-rml-item-image\">\n\t\t\t\t\t\t\t<\/div>\n\t\t<div class=\"eltdf-rml-item-content\">\n\t\t<div class=\"eltdf-rml-top-holder\">\n\t\t\t<div class=\"eltdf-rml-title-holder\">\n\t\t\t\t<h5 class=\"eltdf-rml-title\">\n\t\t\t\t\tDirty Chai\t\t\t\t<\/h5>\n\t\t\t<\/div>\n\t\t\t<div class=\"eltdf-rml-line\"><\/div>\n\n\t\t\t\t\t\t\t<div class=\"eltdf-rml-price-holder\">\n\t\t\t\t\t<h5 class=\"eltdf-rml-price\">CHF 6.50<\/h5>\n\t\t\t\t<\/div>\n\n\t\t\t\t\t<\/div>\n\t\t<div class=\"eltdf-rml-bottom-holder\">\n\t\t\t\t\t<\/div>\n\t<\/div>\n\n<\/li><li class=\"eltdf-rml-item clearfix\">\n\t\t\t\t<div class=\"eltdf-rml-item-image\">\n\t\t\t\t\t\t\t<\/div>\n\t\t<div class=\"eltdf-rml-item-content\">\n\t\t<div class=\"eltdf-rml-top-holder\">\n\t\t\t<div class=\"eltdf-rml-title-holder\">\n\t\t\t\t<h5 class=\"eltdf-rml-title\">\n\t\t\t\t\tTea\t\t\t\t<\/h5>\n\t\t\t<\/div>\n\t\t\t<div class=\"eltdf-rml-line\"><\/div>\n\n\t\t\t\t\t\t\t<div class=\"eltdf-rml-price-holder\">\n\t\t\t\t\t<h5 class=\"eltdf-rml-price\">CHF 5<\/h5>\n\t\t\t\t<\/div>\n\n\t\t\t\t\t<\/div>\n\t\t<div class=\"eltdf-rml-bottom-holder\">\n\t\t\t\t\t<\/div>\n\t<\/div>\n\n<\/li><\/ul><\/div>\t\t<\/div>\n\t<\/div>\n<\/div><\/div>[\/vc_column][\/vc_row][vc_row][vc_column]<div class=\"eltdf-section-title-holder  \" style=\"text-align: center\">\n\t<div class=\"eltdf-st-inner\">\n\t\t\t\t\t<h2 class=\"eltdf-st-title\" >\n\t\t\t\tO\u00d9 NOUS TROUVER\t\t\t<\/h2>\n\t\t\t\t\t<\/div>\n<\/div>[vc_column_text]<\/p>\n<p style=\"text-align: center;\"><a href=\"https:\/\/maps.app.goo.gl\/MhwpfwGLzA81a6Jg9\"><strong>SLEEPY BEAR COFFEE SHOP \u2013 LAUSANNE GARE<\/strong><\/a><br \/>\nRue du Simplon 3A<br \/>\n1006 Lausanne<\/p>\n<p style=\"text-align: center;\"><a href=\"https:\/\/maps.app.goo.gl\/bz2PGkMpuQGciS7K9\"><strong>SLEEPY BEAR COFFEE SHOP \u2013 RIPONNE<\/strong><\/a><br \/>\nRue du Tunnel 7<br \/>\n1005 Lausanne<\/p>\n<p style=\"text-align: center;\"><a href=\"https:\/\/maps.app.goo.gl\/CiSPo4SbXNf4N8S27\"><strong>SLEEPY BEAR COFFEE &amp; ROASTERY \u2013 MONTREUX<\/strong><\/a><br \/>\nAvenue des Alpes 68<br \/>\n1820 Montreux<\/p>\n<p>[\/vc_column_text][\/vc_column][\/vc_row]<\/p>\n","protected":false},"excerpt":{"rendered":"<p>[vc_row video_bg=&#8221;yes&#8221; video_bg_url=&#8221;&#8221; row_content_width=&#8221;grid&#8221; css=&#8221;.vc_custom_1769986885148{margin-top: 0px !important;border-top-width: 0px !important;padding-top: 0px !important;padding-bottom: 0px !important;}&#8221;][vc_column css=&#8221;.vc_custom_1585391204423{padding-bottom: 78px !important;}&#8221;][\/vc_column][\/vc_row][vc_row][vc_column][vc_column_text] SLEEPY BEAR COFFEE SHOP \u2013 LAUSANNE GARE Rue du Simplon 3A 1006 Lausanne SLEEPY BEAR COFFEE SHOP \u2013 RIPONNE Rue du Tunnel 7 1005 Lausanne SLEEPY BEAR COFFEE &amp; ROASTERY \u2013 MONTREUX Avenue des Alpes 68 1820 Montreux [\/vc_column_text][\/vc_column][\/vc_row]<\/p>\n","protected":false},"author":1,"featured_media":3322,"parent":0,"menu_order":0,"comment_status":"closed","ping_status":"closed","template":"full-width.php","meta":{"pmpro_default_level":"","footnotes":""},"jetpack_sharing_enabled":true,"_links":{"self":[{"href":"https:\/\/sleepybearcoffee.ch\/index.php?rest_route=\/wp\/v2\/pages\/643"}],"collection":[{"href":"https:\/\/sleepybearcoffee.ch\/index.php?rest_route=\/wp\/v2\/pages"}],"about":[{"href":"https:\/\/sleepybearcoffee.ch\/index.php?rest_route=\/wp\/v2\/types\/page"}],"author":[{"embeddable":true,"href":"https:\/\/sleepybearcoffee.ch\/index.php?rest_route=\/wp\/v2\/users\/1"}],"replies":[{"embeddable":true,"href":"https:\/\/sleepybearcoffee.ch\/index.php?rest_route=%2Fwp%2Fv2%2Fcomments&post=643"}],"version-history":[{"count":76,"href":"https:\/\/sleepybearcoffee.ch\/index.php?rest_route=\/wp\/v2\/pages\/643\/revisions"}],"predecessor-version":[{"id":3882,"href":"https:\/\/sleepybearcoffee.ch\/index.php?rest_route=\/wp\/v2\/pages\/643\/revisions\/3882"}],"wp:featuredmedia":[{"embeddable":true,"href":"https:\/\/sleepybearcoffee.ch\/index.php?rest_route=\/wp\/v2\/media\/3322"}],"wp:attachment":[{"href":"https:\/\/sleepybearcoffee.ch\/index.php?rest_route=%2Fwp%2Fv2%2Fmedia&parent=643"}],"curies":[{"name":"wp","href":"https:\/\/api.w.org\/{rel}","templated":true}]}}