{"id":3639,"date":"2020-03-30T09:44:52","date_gmt":"2020-03-30T07:44:52","guid":{"rendered":"https:\/\/sleepybearcoffee.ch\/?post_type=product&#038;p=3639"},"modified":"2022-12-02T11:30:15","modified_gmt":"2022-12-02T10:30:15","slug":"peche-blanche-petale-de-rose","status":"publish","type":"product","link":"https:\/\/sleepybearcoffee.ch\/?product=peche-blanche-petale-de-rose","title":{"rendered":"P\u00eache Blanche P\u00e9tale de Rose"},"content":{"rendered":"<h3>Conseils de d\u00e9gustation<\/h3>\n<p>Notre confiture est faite avec des p\u00eaches blanches de Valais et p\u00e9tales de rose de notre propre production.<\/p>\n<p>Fruit d\u2019\u00e9t\u00e9 par excellence, juteux et parfum\u00e9 \u00e0 souhait, la p\u00eache blanche termine en beaut\u00e9 n\u2019importe quel repas. Sa touche acidul\u00e9e irr\u00e9sistible se marie parfaitement avec la douceur de la rose, pour vous offrir un moment de plaisir.<\/p>\n<p>A d\u00e9guster au petit d\u00e9jeuner sur un tranche de pain ou brioche maison, une cr\u00eape, un scone, ou avec du fromage frais.<\/p>\n<h3>Pr\u00e9paration artisanale<\/h3>\n<p>Nous pr\u00e9parons nos confitures de fa\u00e7on artisanale \u00e0 Lausanne, avec des fruits premier choix 100% suisses. Toujours en petite quantit\u00e9, elles mijotent \u00e0 feux doux pendant au moins sept heures pour obtenir un r\u00e9sultat tout \u00e0 fait parfait. Sans conservateurs, colorants ou ar\u00f4mes artificielles et sans pectine ajout\u00e9e.<\/p>\n<p>Ensuite, nous remplissons d\u00e9licatement les pots \u00e0 la louche et laiss\u00e9s se refroidir doucement, exactement comme nos deux grand-m\u00e8res le faisaient quand nous \u00e9tions enfants. Ainsi nous pouvons vous garantir un go\u00fbt unique, une qualit\u00e9 exceptionnelle et une dur\u00e9e de conservation du minimum 24 mois.<\/p>\n","protected":false},"excerpt":{"rendered":"<p>Confiture artisanale aux p\u00eaches blanches et p\u00e9tales de rose, fabriqu\u00e9e en Suisse avec ingr\u00e9dients 100% suisses.<\/p>\n<p>Sans conservateurs. Sans pectine ajout\u00e9e.<\/p>\n<p><strong>Ingr\u00e9dients:<\/strong> 66% pommes (CH), sucre (CH), jus de citron (EU). Pr\u00e9par\u00e9 avec 66g de fruits pour 100g de produit fini.<\/p>\n<p><strong>Pot 150g<\/strong><\/p>\n","protected":false},"featured_media":3638,"comment_status":"open","ping_status":"closed","template":"","meta":{"pmpro_default_level":""},"product_cat":[121],"product_tag":[],"jetpack_sharing_enabled":true,"_links":{"self":[{"href":"https:\/\/sleepybearcoffee.ch\/index.php?rest_route=\/wp\/v2\/product\/3639"}],"collection":[{"href":"https:\/\/sleepybearcoffee.ch\/index.php?rest_route=\/wp\/v2\/product"}],"about":[{"href":"https:\/\/sleepybearcoffee.ch\/index.php?rest_route=\/wp\/v2\/types\/product"}],"replies":[{"embeddable":true,"href":"https:\/\/sleepybearcoffee.ch\/index.php?rest_route=%2Fwp%2Fv2%2Fcomments&post=3639"}],"wp:featuredmedia":[{"embeddable":true,"href":"https:\/\/sleepybearcoffee.ch\/index.php?rest_route=\/wp\/v2\/media\/3638"}],"wp:attachment":[{"href":"https:\/\/sleepybearcoffee.ch\/index.php?rest_route=%2Fwp%2Fv2%2Fmedia&parent=3639"}],"wp:term":[{"taxonomy":"product_cat","embeddable":true,"href":"https:\/\/sleepybearcoffee.ch\/index.php?rest_route=%2Fwp%2Fv2%2Fproduct_cat&post=3639"},{"taxonomy":"product_tag","embeddable":true,"href":"https:\/\/sleepybearcoffee.ch\/index.php?rest_route=%2Fwp%2Fv2%2Fproduct_tag&post=3639"}],"curies":[{"name":"wp","href":"https:\/\/api.w.org\/{rel}","templated":true}]}}