{"id":3646,"date":"2020-03-30T09:58:02","date_gmt":"2020-03-30T07:58:02","guid":{"rendered":"https:\/\/sleepybearcoffee.ch\/?post_type=product&#038;p=3646"},"modified":"2024-04-02T01:46:10","modified_gmt":"2024-04-01T23:46:10","slug":"tomates-mara-des-bois-poivre-de-tasmanie","status":"publish","type":"product","link":"https:\/\/sleepybearcoffee.ch\/?product=tomates-mara-des-bois-poivre-de-tasmanie","title":{"rendered":"Tomates, Mara des Bois, Poivre de Tasmanie"},"content":{"rendered":"<h3>Pr\u00e9paration artisanale<\/h3>\n<p>Nous pr\u00e9parons nos confitures de fa\u00e7on artisanale \u00e0 Lausanne, avec des fruits premier choix 100% suisses. Toujours en petite quantit\u00e9, elles mijotent \u00e0 feux doux pendant au moins sept heures pour obtenir un r\u00e9sultat tout \u00e0 fait parfait. Sans conservateurs, colorants ou ar\u00f4mes artificielles et sans pectine ajout\u00e9e. Ensuite, nous remplissons d\u00e9licatement les pots \u00e0 la louche et laiss\u00e9s se refroidir doucement, exactement comme nos deux grand-m\u00e8res le faisaient quand nous \u00e9tions enfants. Ainsi nous pouvons vous garantir un go\u00fbt unique, une qualit\u00e9 exceptionnelle et une dur\u00e9e de conservation du minimum 24 mois.<\/p>\n","protected":false},"excerpt":{"rendered":"<p>Confiture artisanale aux p\u00eaches blanches, verveine et menthe, fabriqu\u00e9e en Suisse avec des ingr\u00e9dients 100% suisses.<\/p>\n<p>Sans conservateurs. Sans pectine ajout\u00e9e.<\/p>\n<p><strong>Ingr\u00e9dients:<\/strong> 45 % tomates (CH), 22% mara des bois (CH), sucre (CH),\u00a0 poivre de Tasmanie (AU), citron (EU). Pr\u00e9par\u00e9 avec 67 g de fruits pour 100 g de confiture.<\/p>\n<p><strong>Pot 150g<\/strong><\/p>\n","protected":false},"featured_media":3630,"comment_status":"open","ping_status":"closed","template":"","meta":{"pmpro_default_level":""},"product_cat":[121],"product_tag":[],"jetpack_sharing_enabled":true,"_links":{"self":[{"href":"https:\/\/sleepybearcoffee.ch\/index.php?rest_route=\/wp\/v2\/product\/3646"}],"collection":[{"href":"https:\/\/sleepybearcoffee.ch\/index.php?rest_route=\/wp\/v2\/product"}],"about":[{"href":"https:\/\/sleepybearcoffee.ch\/index.php?rest_route=\/wp\/v2\/types\/product"}],"replies":[{"embeddable":true,"href":"https:\/\/sleepybearcoffee.ch\/index.php?rest_route=%2Fwp%2Fv2%2Fcomments&post=3646"}],"wp:featuredmedia":[{"embeddable":true,"href":"https:\/\/sleepybearcoffee.ch\/index.php?rest_route=\/wp\/v2\/media\/3630"}],"wp:attachment":[{"href":"https:\/\/sleepybearcoffee.ch\/index.php?rest_route=%2Fwp%2Fv2%2Fmedia&parent=3646"}],"wp:term":[{"taxonomy":"product_cat","embeddable":true,"href":"https:\/\/sleepybearcoffee.ch\/index.php?rest_route=%2Fwp%2Fv2%2Fproduct_cat&post=3646"},{"taxonomy":"product_tag","embeddable":true,"href":"https:\/\/sleepybearcoffee.ch\/index.php?rest_route=%2Fwp%2Fv2%2Fproduct_tag&post=3646"}],"curies":[{"name":"wp","href":"https:\/\/api.w.org\/{rel}","templated":true}]}}