{"id":3648,"date":"2020-03-30T10:05:41","date_gmt":"2020-03-30T08:05:41","guid":{"rendered":"https:\/\/sleepybearcoffee.ch\/?post_type=product&#038;p=3648"},"modified":"2025-06-13T19:17:15","modified_gmt":"2025-06-13T17:17:15","slug":"poire-miel","status":"publish","type":"product","link":"https:\/\/sleepybearcoffee.ch\/?product=poire-miel","title":{"rendered":"Poire Miel"},"content":{"rendered":"<h3>Conseils de d\u00e9gustation<\/h3>\n<p>Notre confiture <strong>Poire Miel<\/strong> est faite avec des poires Williams du Valais et <a href=\"https:\/\/www.paysgourmand.ch\/produit\/miel-du-pays-d-enhaut\/3041\">miel de fleurs de montagne du Pays d\u2019Enhaut<\/a>. C\u2019est toujours un plaisir de travailler la poire Williams. Son parfum se r\u00e9pand dans tout notre atelier et le r\u00e9sultat une recette \u00e0 la saveur exceptionnelle.<br \/>\nD\u2019une douceur incomparable mais pas trop sucr\u00e9e, elle est id\u00e9ale pour compl\u00e9menter les <strong>plateaux fromage<\/strong> ou <strong>charcuterie<\/strong>. Associez-la avec des fromages \u00e0 p\u00e2te persill\u00e9e comme le <a href=\"https:\/\/www.fromagerie-les-martel.ch\/produits\/bleuchatel.html\">Bleuch\u00e2tel<\/a>, le Bleu d\u2019Auvergne ou le Gorgonzola, mais aussi avec <a href=\"https:\/\/gruyere.com\/fr\/les-varietes-de-gruyere-aop\/\">Le Gruy\u00e8re AOP R\u00e9serve<\/a>. Une association surprenante est avec de la saucisse s\u00e8che de gibier.<\/p>\n<h3>Pr\u00e9paration artisanale<\/h3>\n<p>Nous pr\u00e9parons nos confitures de fa\u00e7on artisanale \u00e0 Lausanne, avec des fruits premier choix 100% suisses. Toujours en petite quantit\u00e9, elles mijotent \u00e0 feux doux pendant au moins sept heures pour obtenir un r\u00e9sultat tout \u00e0 fait parfait. Sans conservateurs, colorants ou ar\u00f4mes artificielles et sans pectine ajout\u00e9e.<\/p>\n<p>Ensuite, nous remplissons d\u00e9licatement les pots \u00e0 la louche et laiss\u00e9s se refroidir doucement, exactement comme nos deux grand-m\u00e8res le faisaient quand nous \u00e9tions enfants. Ainsi nous pouvons vous garantir un go\u00fbt unique, une qualit\u00e9 exceptionnelle et une dur\u00e9e de conservation du minimum 24 mois.<\/p>\n","protected":false},"excerpt":{"rendered":"<p>Confiture artisanale aux poires et miel du <a href=\"https:\/\/www.paysgourmand.ch\/produit\/miel-du-pays-d-enhaut\/3041\">Pays d\u2019Enhaut<\/a>, fabriqu\u00e9e en Suisse avec ingr\u00e9dients 100% suisses.<\/p>\n<p>Sans conservateurs. Sans pectine ajout\u00e9e.<\/p>\n<p><strong>Ingr\u00e9dients:<\/strong> 73% poires (CH), sucre (CH), miel (CH), jus de citron (EU). Pr\u00e9par\u00e9 avec 73g de fruits pour 100 g de produit fini.<\/p>\n<p><strong>Pot 150g<\/strong><\/p>\n","protected":false},"featured_media":3624,"comment_status":"open","ping_status":"closed","template":"","meta":{"pmpro_default_level":""},"product_cat":[121],"product_tag":[],"jetpack_sharing_enabled":true,"_links":{"self":[{"href":"https:\/\/sleepybearcoffee.ch\/index.php?rest_route=\/wp\/v2\/product\/3648"}],"collection":[{"href":"https:\/\/sleepybearcoffee.ch\/index.php?rest_route=\/wp\/v2\/product"}],"about":[{"href":"https:\/\/sleepybearcoffee.ch\/index.php?rest_route=\/wp\/v2\/types\/product"}],"replies":[{"embeddable":true,"href":"https:\/\/sleepybearcoffee.ch\/index.php?rest_route=%2Fwp%2Fv2%2Fcomments&post=3648"}],"wp:featuredmedia":[{"embeddable":true,"href":"https:\/\/sleepybearcoffee.ch\/index.php?rest_route=\/wp\/v2\/media\/3624"}],"wp:attachment":[{"href":"https:\/\/sleepybearcoffee.ch\/index.php?rest_route=%2Fwp%2Fv2%2Fmedia&parent=3648"}],"wp:term":[{"taxonomy":"product_cat","embeddable":true,"href":"https:\/\/sleepybearcoffee.ch\/index.php?rest_route=%2Fwp%2Fv2%2Fproduct_cat&post=3648"},{"taxonomy":"product_tag","embeddable":true,"href":"https:\/\/sleepybearcoffee.ch\/index.php?rest_route=%2Fwp%2Fv2%2Fproduct_tag&post=3648"}],"curies":[{"name":"wp","href":"https:\/\/api.w.org\/{rel}","templated":true}]}}