{"id":3673,"date":"2020-03-30T19:21:34","date_gmt":"2020-03-30T17:21:34","guid":{"rendered":"https:\/\/sleepybearcoffee.ch\/?post_type=product&#038;p=3673"},"modified":"2025-03-20T06:04:18","modified_gmt":"2025-03-20T05:04:18","slug":"baiser-dange-the","status":"publish","type":"product","link":"https:\/\/sleepybearcoffee.ch\/?product=baiser-dange-the","title":{"rendered":"Baiser d\u2019ange The"},"content":{"rendered":"<h5>Infuser 2 \u2013 3 minutes<\/h5>\n","protected":false},"excerpt":{"rendered":"<div class=\"woocommerce-tabs wc-tabs-wrapper\">\n<div id=\"tab-description\" class=\"woocommerce-Tabs-panel woocommerce-Tabs-panel--description panel entry-content wc-tab\" role=\"tabpanel\" aria-labelledby=\"tab-title-description\">\n<p>Baiser d\u2019ange fruit\u00e9 avec la subtilit\u00e9 du th\u00e9 blanc et la fraicheur du th\u00e9 vert, explosion de saveurs en bouche.<\/p>\n<h5>Infuser 2 \u2013 3 minutes<\/h5>\n<ul>\n<li>Mangue<\/li>\n<li>Ananas<\/li>\n<li>Orange<\/li>\n<li>Fraise<\/li>\n<li>Fleurs de soucis<\/li>\n<\/ul>\n<\/div>\n<\/div>\n","protected":false},"featured_media":3674,"comment_status":"open","ping_status":"closed","template":"","meta":{"pmpro_default_level":""},"product_cat":[123],"product_tag":[],"jetpack_sharing_enabled":true,"_links":{"self":[{"href":"https:\/\/sleepybearcoffee.ch\/index.php?rest_route=\/wp\/v2\/product\/3673"}],"collection":[{"href":"https:\/\/sleepybearcoffee.ch\/index.php?rest_route=\/wp\/v2\/product"}],"about":[{"href":"https:\/\/sleepybearcoffee.ch\/index.php?rest_route=\/wp\/v2\/types\/product"}],"replies":[{"embeddable":true,"href":"https:\/\/sleepybearcoffee.ch\/index.php?rest_route=%2Fwp%2Fv2%2Fcomments&post=3673"}],"wp:featuredmedia":[{"embeddable":true,"href":"https:\/\/sleepybearcoffee.ch\/index.php?rest_route=\/wp\/v2\/media\/3674"}],"wp:attachment":[{"href":"https:\/\/sleepybearcoffee.ch\/index.php?rest_route=%2Fwp%2Fv2%2Fmedia&parent=3673"}],"wp:term":[{"taxonomy":"product_cat","embeddable":true,"href":"https:\/\/sleepybearcoffee.ch\/index.php?rest_route=%2Fwp%2Fv2%2Fproduct_cat&post=3673"},{"taxonomy":"product_tag","embeddable":true,"href":"https:\/\/sleepybearcoffee.ch\/index.php?rest_route=%2Fwp%2Fv2%2Fproduct_tag&post=3673"}],"curies":[{"name":"wp","href":"https:\/\/api.w.org\/{rel}","templated":true}]}}