{"id":3687,"date":"2020-03-30T19:51:21","date_gmt":"2020-03-30T17:51:21","guid":{"rendered":"https:\/\/sleepybearcoffee.ch\/?post_type=product&#038;p=3687"},"modified":"2022-10-08T12:01:21","modified_gmt":"2022-10-08T10:01:21","slug":"rooibos-harmonie-bio","status":"publish","type":"product","link":"https:\/\/sleepybearcoffee.ch\/?product=rooibos-harmonie-bio","title":{"rendered":"Rooibos Harmonie BIO"},"content":{"rendered":"<h5>Infuser 8 \u2013 10 minutes<\/h5>\n","protected":false},"excerpt":{"rendered":"<p>La douce finesse du c\u00e9l\u00e8bre arbuste sud-africain et un m\u00e9lange parfaitement \u00e9quilibre et fruit\u00e9.<\/p>\n<h5>Infuser 8 \u2013 10 minutes<\/h5>\n<ul>\n<li>Mangue<\/li>\n<li>Fraise<\/li>\n<li>Citronnelle<\/li>\n<li>Fleurs de soucis<\/li>\n<\/ul>\n","protected":false},"featured_media":3688,"comment_status":"open","ping_status":"closed","template":"","meta":{"pmpro_default_level":""},"product_cat":[123],"product_tag":[],"jetpack_sharing_enabled":true,"_links":{"self":[{"href":"https:\/\/sleepybearcoffee.ch\/index.php?rest_route=\/wp\/v2\/product\/3687"}],"collection":[{"href":"https:\/\/sleepybearcoffee.ch\/index.php?rest_route=\/wp\/v2\/product"}],"about":[{"href":"https:\/\/sleepybearcoffee.ch\/index.php?rest_route=\/wp\/v2\/types\/product"}],"replies":[{"embeddable":true,"href":"https:\/\/sleepybearcoffee.ch\/index.php?rest_route=%2Fwp%2Fv2%2Fcomments&post=3687"}],"wp:featuredmedia":[{"embeddable":true,"href":"https:\/\/sleepybearcoffee.ch\/index.php?rest_route=\/wp\/v2\/media\/3688"}],"wp:attachment":[{"href":"https:\/\/sleepybearcoffee.ch\/index.php?rest_route=%2Fwp%2Fv2%2Fmedia&parent=3687"}],"wp:term":[{"taxonomy":"product_cat","embeddable":true,"href":"https:\/\/sleepybearcoffee.ch\/index.php?rest_route=%2Fwp%2Fv2%2Fproduct_cat&post=3687"},{"taxonomy":"product_tag","embeddable":true,"href":"https:\/\/sleepybearcoffee.ch\/index.php?rest_route=%2Fwp%2Fv2%2Fproduct_tag&post=3687"}],"curies":[{"name":"wp","href":"https:\/\/api.w.org\/{rel}","templated":true}]}}