{"id":3689,"date":"2020-03-30T19:54:23","date_gmt":"2020-03-30T17:54:23","guid":{"rendered":"https:\/\/sleepybearcoffee.ch\/?post_type=product&#038;p=3689"},"modified":"2020-03-30T19:54:23","modified_gmt":"2020-03-30T17:54:23","slug":"bonheur-bio","status":"publish","type":"product","link":"https:\/\/sleepybearcoffee.ch\/?product=bonheur-bio","title":{"rendered":"Bonheur BIO"},"content":{"rendered":"<h5>Infuser 10 \u2013 12 minutes<\/h5>\n","protected":false},"excerpt":{"rendered":"<p>D\u00e9licieuse combinaison de saveurs \u00e0 d\u00e9guster toute l\u2019ann\u00e9e.<\/p>\n<h5>Infuser 10 \u2013 12 minutes<\/h5>\n<ul>\n<li>20% th\u00e9 vert sencha<\/li>\n<li>Zeste de citron<\/li>\n<li>Pomme<\/li>\n<li>Menthe poivr\u00e9e<\/li>\n<li>Fleurs de bleuet10<\/li>\n<\/ul>\n","protected":false},"featured_media":3690,"comment_status":"open","ping_status":"closed","template":"","meta":{"pmpro_default_level":""},"product_cat":[123],"product_tag":[],"jetpack_sharing_enabled":true,"_links":{"self":[{"href":"https:\/\/sleepybearcoffee.ch\/index.php?rest_route=\/wp\/v2\/product\/3689"}],"collection":[{"href":"https:\/\/sleepybearcoffee.ch\/index.php?rest_route=\/wp\/v2\/product"}],"about":[{"href":"https:\/\/sleepybearcoffee.ch\/index.php?rest_route=\/wp\/v2\/types\/product"}],"replies":[{"embeddable":true,"href":"https:\/\/sleepybearcoffee.ch\/index.php?rest_route=%2Fwp%2Fv2%2Fcomments&post=3689"}],"wp:featuredmedia":[{"embeddable":true,"href":"https:\/\/sleepybearcoffee.ch\/index.php?rest_route=\/wp\/v2\/media\/3690"}],"wp:attachment":[{"href":"https:\/\/sleepybearcoffee.ch\/index.php?rest_route=%2Fwp%2Fv2%2Fmedia&parent=3689"}],"wp:term":[{"taxonomy":"product_cat","embeddable":true,"href":"https:\/\/sleepybearcoffee.ch\/index.php?rest_route=%2Fwp%2Fv2%2Fproduct_cat&post=3689"},{"taxonomy":"product_tag","embeddable":true,"href":"https:\/\/sleepybearcoffee.ch\/index.php?rest_route=%2Fwp%2Fv2%2Fproduct_tag&post=3689"}],"curies":[{"name":"wp","href":"https:\/\/api.w.org\/{rel}","templated":true}]}}