{"id":3691,"date":"2020-03-30T19:57:14","date_gmt":"2020-03-30T17:57:14","guid":{"rendered":"https:\/\/sleepybearcoffee.ch\/?post_type=product&#038;p=3691"},"modified":"2025-05-14T11:46:55","modified_gmt":"2025-05-14T09:46:55","slug":"the-des-fees","status":"publish","type":"product","link":"https:\/\/sleepybearcoffee.ch\/?product=the-des-fees","title":{"rendered":"Th\u00e9 des F\u00e9es"},"content":{"rendered":"<h5>Infuser 2 \u2013 3 minutes<\/h5>\n","protected":false},"excerpt":{"rendered":"<p>Il y a que des f\u00e9es pour pr\u00e9parer un m\u00e9lange aussi harmonieux.<\/p>\n<h5>Infuser 2 \u2013 3 minutes<\/h5>\n<ul>\n<li>P\u00e9tales de roses, tournesols et bleuets<\/li>\n<li>Mangue<\/li>\n<\/ul>\n","protected":false},"featured_media":3692,"comment_status":"open","ping_status":"closed","template":"","meta":{"pmpro_default_level":""},"product_cat":[123],"product_tag":[],"jetpack_sharing_enabled":true,"_links":{"self":[{"href":"https:\/\/sleepybearcoffee.ch\/index.php?rest_route=\/wp\/v2\/product\/3691"}],"collection":[{"href":"https:\/\/sleepybearcoffee.ch\/index.php?rest_route=\/wp\/v2\/product"}],"about":[{"href":"https:\/\/sleepybearcoffee.ch\/index.php?rest_route=\/wp\/v2\/types\/product"}],"replies":[{"embeddable":true,"href":"https:\/\/sleepybearcoffee.ch\/index.php?rest_route=%2Fwp%2Fv2%2Fcomments&post=3691"}],"wp:featuredmedia":[{"embeddable":true,"href":"https:\/\/sleepybearcoffee.ch\/index.php?rest_route=\/wp\/v2\/media\/3692"}],"wp:attachment":[{"href":"https:\/\/sleepybearcoffee.ch\/index.php?rest_route=%2Fwp%2Fv2%2Fmedia&parent=3691"}],"wp:term":[{"taxonomy":"product_cat","embeddable":true,"href":"https:\/\/sleepybearcoffee.ch\/index.php?rest_route=%2Fwp%2Fv2%2Fproduct_cat&post=3691"},{"taxonomy":"product_tag","embeddable":true,"href":"https:\/\/sleepybearcoffee.ch\/index.php?rest_route=%2Fwp%2Fv2%2Fproduct_tag&post=3691"}],"curies":[{"name":"wp","href":"https:\/\/api.w.org\/{rel}","templated":true}]}}